{"id":79,"date":"2017-06-07T21:01:06","date_gmt":"2017-06-07T21:01:06","guid":{"rendered":"https:\/\/carelli.se\/?page_id=79"},"modified":"2023-11-16T11:17:20","modified_gmt":"2023-11-16T11:17:20","slug":"lediga-tjanster","status":"publish","type":"page","link":"http:\/\/carelli.se\/fi\/personlig-assistent\/lediga-tjanster\/","title":{"rendered":"Avoimet virat"},"content":{"rendered":"<div id=\"cs-content\" class=\"cs-content\"><div class=\"x-section e79-e1 m27-0\" id=\"start\"><div class=\"x-row x-container max width e79-e2 m27-5 m27-6 m27-8\"><div class=\"x-row-inner\"><div class=\"x-col e79-e3 m27-a m27-b m27-c\"><div class=\"x-text x-text-headline e79-e4 m27-e m27-f m27-1 m27-2 x-effect-exit\" data-x-effect=\"{&quot;scroll&quot;:true,&quot;offsetTop&quot;:&quot;10%&quot;,&quot;offsetBottom&quot;:&quot;10%&quot;,&quot;behaviorScroll&quot;:&quot;fire-once&quot;}\"><div class=\"x-text-content\"><div class=\"x-text-content-text\"><h1 class=\"x-text-content-text-primary\">Avoimet virat<\/h1>\n<\/div><\/div><\/div><\/div><div class=\"x-col e79-e5 m27-a m27-c\"><div class=\"x-text x-text-headline e79-e6 m27-e m27-g m27-h m27-2 m27-3 x-effect-exit\" data-x-effect=\"{&quot;scroll&quot;:true,&quot;offsetTop&quot;:&quot;10%&quot;,&quot;offsetBottom&quot;:&quot;10%&quot;,&quot;behaviorScroll&quot;:&quot;fire-once&quot;}\"><div class=\"x-text-content\"><div class=\"x-text-content-text\"><h4 class=\"x-text-content-text-primary\">Haluatko ty\u00f6skennell\u00e4 henkil\u00f6kohtaisena avustajana? T\u00e4\u00e4lt\u00e4 l\u00f6yd\u00e4t kaikki ty\u00f6paikat, joita t\u00e4ll\u00e4 hetkell\u00e4 ilmoitamme. Meill\u00e4 ei ole sinulle sopivaa avointa ty\u00f6paikkaa? Sitten voit rekister\u00f6ity\u00e4 ehdokaspankkiimme!\nKun tarvitsemme rekrytointia, sovitamme ensin paikan yhteen hakijapankissamme olevien hakijoiden kanssa.<\/h4>\n<\/div><\/div><\/div><a class=\"x-anchor x-anchor-button e79-e7 m27-j m27-2 m27-4 x-effect-exit\" tabindex=\"0\" href=\"https:\/\/www.recruto.se\/apps\/modal-window\/new-candidate\/g\/246\/tracking\/10\" data-x-effect=\"{&quot;scroll&quot;:true,&quot;offsetTop&quot;:&quot;10%&quot;,&quot;offsetBottom&quot;:&quot;10%&quot;,&quot;behaviorScroll&quot;:&quot;fire-once&quot;}\"><div class=\"x-anchor-content\"><div class=\"x-anchor-text\"><span class=\"x-anchor-text-primary\">Rekister\u00f6idy ehdokaspankkiin<\/span><\/div><\/div><\/a><div class=\"x-div x-hide-lg e79-e8 m27-k\"><\/div><\/div><\/div><\/div><div class=\"x-row x-container max width e79-e9 m27-5 m27-7 m27-9\"><div class=\"x-row-inner\"><div class=\"x-col e79-e10 m27-c m27-d\"><div class=\"x-text x-text-headline e79-e11 m27-e m27-g m27-i m27-2 m27-3 x-effect-exit\" data-x-effect=\"{&quot;scroll&quot;:true,&quot;offsetTop&quot;:&quot;10%&quot;,&quot;offsetBottom&quot;:&quot;10%&quot;,&quot;behaviorScroll&quot;:&quot;fire-once&quot;}\"><div class=\"x-text-content\"><div class=\"x-text-content-text\"><h3 class=\"x-text-content-text-primary\">Tyhj\u00e4 t\u00e4ll\u00e4 hetkell\u00e4<\/h3>\n<\/div><\/div><\/div><script type=\"text\/javascript\" async src=\"\/\/www.recruto.se\/apps\/widget\/postings\/c\/80\/a\/bdcacf95\" id=\"recruto-widget-80\" class=\"recruto-widget\"><\/script><\/div><\/div><\/div><\/div><\/div>","protected":false},"excerpt":{"rendered":"<p>Avoimet ty\u00f6paikat Haluatko ty\u00f6skennell\u00e4 henkil\u00f6kohtaisena avustajana? T\u00e4\u00e4lt\u00e4 l\u00f6yd\u00e4t kaikki ty\u00f6paikat, joita t\u00e4ll\u00e4 hetkell\u00e4 ilmoitamme. Onko meill\u00e4 ... <\/p>\n<div><a href=\"http:\/\/carelli.se\/fi\/personlig-assistent\/lediga-tjanster\/\" class=\"more-link\">Lue lis\u00e4\u00e4<\/a><\/div>","protected":false},"author":1,"featured_media":0,"parent":73,"menu_order":0,"comment_status":"closed","ping_status":"closed","template":"template-blank-4.php","meta":{"footnotes":""},"class_list":["post-79","page","type-page","status-publish","hentry","no-post-thumbnail"],"_links":{"self":[{"href":"http:\/\/carelli.se\/fi\/wp-json\/wp\/v2\/pages\/79","targetHints":{"allow":["GET"]}}],"collection":[{"href":"http:\/\/carelli.se\/fi\/wp-json\/wp\/v2\/pages"}],"about":[{"href":"http:\/\/carelli.se\/fi\/wp-json\/wp\/v2\/types\/page"}],"author":[{"embeddable":true,"href":"http:\/\/carelli.se\/fi\/wp-json\/wp\/v2\/users\/1"}],"replies":[{"embeddable":true,"href":"http:\/\/carelli.se\/fi\/wp-json\/wp\/v2\/comments?post=79"}],"version-history":[{"count":7,"href":"http:\/\/carelli.se\/fi\/wp-json\/wp\/v2\/pages\/79\/revisions"}],"predecessor-version":[{"id":2782,"href":"http:\/\/carelli.se\/fi\/wp-json\/wp\/v2\/pages\/79\/revisions\/2782"}],"up":[{"embeddable":true,"href":"http:\/\/carelli.se\/fi\/wp-json\/wp\/v2\/pages\/73"}],"wp:attachment":[{"href":"http:\/\/carelli.se\/fi\/wp-json\/wp\/v2\/media?parent=79"}],"curies":[{"name":"wp","href":"https:\/\/api.w.org\/{rel}","templated":true}]}}