{"id":48,"date":"2017-06-07T20:36:15","date_gmt":"2017-06-07T20:36:15","guid":{"rendered":"https:\/\/carelli.se\/?page_id=48"},"modified":"2026-01-29T10:33:13","modified_gmt":"2026-01-29T10:33:13","slug":"personlig-assistans-for-barn","status":"publish","type":"page","link":"https:\/\/carelli.se\/es\/personligassistans\/personlig-assistans-for-barn\/","title":{"rendered":"Asistente personal para ni\u00f1os"},"content":{"rendered":"<div id=\"cs-content\" class=\"cs-content\"><div class=\"x-section e48-e1 m1c-0 m1c-1 m1c-2\" id=\"start\"><div class=\"x-row x-container max width e48-e2 m1c-b m1c-c m1c-d m1c-j\"><div class=\"x-row-inner\"><div class=\"x-col e48-e3 m1c-q m1c-r m1c-s m1c-t\"><div class=\"x-bg\" aria-hidden=\"true\"><div class=\"x-bg-layer-lower-image\"><\/div><\/div><div class=\"x-text x-text-headline e48-e4 m1c-w m1c-x m1c-y m1c-z m1c-10 m1c-6 m1c-7 x-effect-exit\" data-x-effect=\"{&quot;scroll&quot;:true,&quot;offsetTop&quot;:&quot;10%&quot;,&quot;offsetBottom&quot;:&quot;10%&quot;,&quot;behaviorScroll&quot;:&quot;fire-once&quot;}\"><div class=\"x-text-content\"><div class=\"x-text-content-text\"><h1 class=\"x-text-content-text-primary\">Asistente personal para ni\u00f1os<\/h1>\n<\/div><\/div><\/div><div class=\"x-text x-text-headline e48-e5 m1c-w m1c-10 m1c-11 m1c-7 m1c-8 x-effect-exit\" data-x-effect=\"{&quot;scroll&quot;:true,&quot;offsetTop&quot;:&quot;10%&quot;,&quot;offsetBottom&quot;:&quot;10%&quot;,&quot;behaviorScroll&quot;:&quot;fire-once&quot;}\"><div class=\"x-text-content\"><div class=\"x-text-content-text\"><p class=\"x-text-content-text-primary\"><p style=\"font-size:19px;\">Tener un asistente personal de ni\u00f1o es diferente de tenerlo de adulto, principalmente en lo que se refiere a la perspectiva infantil. Trabajamos con la perspectiva infantil en todos los aspectos de la asistencia personal a ni\u00f1os.<\/p><\/p>\n<\/div><\/div><\/div><div class=\"x-text x-content e48-e6 m1c-19 m1c-1a m1c-7 m1c-9 x-effect-exit\" data-x-effect=\"{&quot;scroll&quot;:true,&quot;offsetTop&quot;:&quot;10%&quot;,&quot;offsetBottom&quot;:&quot;10%&quot;,&quot;behaviorScroll&quot;:&quot;fire-once&quot;}\"><p><strong>La asistencia personalizada debe permitir al ni\u00f1o vivir como otros de su misma edad sin discapacidades<\/strong>con la ayuda de un asistente personal. Como familia, por supuesto, puede influir en la asistencia para que se adapte a su familia.<\/p>\n<p>Nuestra perspectiva y m\u00e9todo se basan en la Convenci\u00f3n de las Naciones Unidas sobre los Derechos del Ni\u00f1o. El inter\u00e9s superior del ni\u00f1o es siempre lo primero y tambi\u00e9n os consideramos como una familia. Planificamos la asistencia exactamente como usted la desea junto con sus padres y de la forma en que usted cree que se puede influir mejor en el ni\u00f1o.<\/p>\n<p>La asistencia personal del ni\u00f1o afecta a toda la familia: el ni\u00f1o, los padres, los hermanos y los abuelos. Somos flexibles y te dejamos decidir lo que consideres mejor. Tienes derecho a influir en todo tu programa de asistencia personal, en qu\u00e9 asistentes personales quieres que trabajen contigo, en la formaci\u00f3n, etc.<\/p><\/div><\/div><div class=\"x-col e48-e7 m1c-r m1c-t m1c-u\"><div class=\"x-bg\" aria-hidden=\"true\"><div class=\"x-bg-layer-lower-image\"><\/div><\/div><div class=\"x-div x-hide-md x-hide-sm x-hide-xs e48-e8 m1c-1c m1c-1d\"><\/div><\/div><\/div><\/div><\/div><div class=\"x-section e48-e9 m1c-0 m1c-3 m1c-4\" id=\"fragor\"><div class=\"x-row x-container max width e48-e10 m1c-b m1c-e m1c-f m1c-g m1c-k m1c-l\"><div class=\"x-row-inner\"><div class=\"x-col e48-e11 m1c-r m1c-s m1c-v\"><div class=\"x-text x-text-headline e48-e12 m1c-w m1c-x m1c-y m1c-12 m1c-13 m1c-14 m1c-7 m1c-a x-effect-exit\" data-x-effect=\"{&quot;scroll&quot;:true,&quot;offsetTop&quot;:&quot;10%&quot;,&quot;offsetBottom&quot;:&quot;10%&quot;,&quot;behaviorScroll&quot;:&quot;fire-once&quot;}\"><div class=\"x-text-content\"><div class=\"x-text-content-text\"><h2 class=\"x-text-content-text-primary\">Preguntas m\u00e1s frecuentes<\/h2>\n<\/div><\/div><\/div><div class=\"x-text x-text-headline e48-e13 m1c-w m1c-x m1c-y m1c-10 m1c-15 m1c-6 m1c-7 x-effect-exit\" data-x-effect=\"{&quot;scroll&quot;:true,&quot;offsetTop&quot;:&quot;10%&quot;,&quot;offsetBottom&quot;:&quot;10%&quot;,&quot;behaviorScroll&quot;:&quot;fire-once&quot;}\"><div class=\"x-text-content\"><div class=\"x-text-content-text\"><h3 class=\"x-text-content-text-primary\">Preguntas frecuentes sobre asistentes personales para ni\u00f1os<\/h3>\n<\/div><\/div><\/div><\/div><\/div><\/div><div class=\"x-row x-container max width e48-e14 m1c-b m1c-c m1c-f m1c-h m1c-m m1c-n\"><div class=\"x-row-inner\"><div class=\"x-col e48-e15 m1c-r m1c-s\"><div class=\"x-div x-hide-md x-hide-sm x-hide-xs e48-e16 m1c-1c m1c-1e\"><\/div><div class=\"x-acc e48-e17 m1c-1f\" id=\"x-acc-e48-e17\"><div class=\"e48-e18 x-acc-item\"><button id=\"tab-e48-e18\" class=\"x-acc-header\" role=\"button\" type=\"button\" aria-expanded=\"false\" aria-controls=\"panel-e48-e18\" data-x-toggle=\"collapse\" data-x-toggleable=\"e48-e18\"><span class=\"x-acc-header-content\"><span class=\"x-acc-header-indicator\"><i class=\"x-icon\" aria-hidden=\"true\" data-x-icon-s=\"&#xf105;\"><\/i><\/span><span class=\"x-acc-header-text\"><span data-metadata=\"&lt;!--(figmeta)eyJmaWxlS2V5IjoiVldXNEZUTklXNlEzMUZFM1FtVko0SyIsInBhc3RlSUQiOjYzNDA0MzUyNSwiZGF0YVR5cGUiOiJzY2VuZSJ9Cg==(\/figmeta)--&gt;\" style=\"caret-color: #000000; color: #000000; font-style: normal; font-variant-caps: normal; font-weight: normal; letter-spacing: normal; orphans: auto; text-align: start; text-indent: 0px; text-transform: none; white-space: normal; widows: auto; word-spacing: 0px; -webkit-text-size-adjust: auto; -webkit-text-stroke-width: 0px; text-decoration: none;\"><\/span><span>\u00bfQu\u00e9 se entiende por perspectiva infantil?<\/span><\/span><\/span><\/button><div id=\"panel-e48-e18\" role=\"region\" aria-hidden=\"true\" aria-labelledby=\"tab-e48-e18\" data-x-toggleable=\"e48-e18\" data-x-toggle-collapse=\"1\" class=\"x-collapsed\"><div class=\"x-acc-content\"><span data-metadata=\"&lt;!--(figmeta)eyJmaWxlS2V5IjoiVldXNEZUTklXNlEzMUZFM1FtVko0SyIsInBhc3RlSUQiOjExMTM2OTA5ODIsImRhdGFUeXBlIjoic2NlbmUifQo=(\/figmeta)--&gt;\" style=\"caret-color: #000000; color: #000000; font-style: normal; font-variant-caps: normal; font-weight: normal; letter-spacing: normal; orphans: auto; text-align: start; text-indent: 0px; text-transform: none; white-space: normal; widows: auto; word-spacing: 0px; -webkit-text-size-adjust: auto; -webkit-text-stroke-width: 0px; text-decoration: none;\"><\/span><span>Cuando se trabaja con asistencia personalizada para ni\u00f1os, es importante partir siempre de la perspectiva del ni\u00f1o. Tener la perspectiva del ni\u00f1o significa intentar buscar siempre el inter\u00e9s superior del ni\u00f1o. <\/span><span>La Convenci\u00f3n sobre los Derechos del Ni\u00f1o ya forma parte de la legislaci\u00f3n sueca e impregna todo el ordenamiento jur\u00eddico. <\/span><span>la asistencia personalizada al ni\u00f1o.<\/span><\/div><\/div><\/div><div class=\"e48-e19 x-acc-item\"><button id=\"tab-e48-e19\" class=\"x-acc-header\" role=\"button\" type=\"button\" aria-expanded=\"false\" aria-controls=\"panel-e48-e19\" data-x-toggle=\"collapse\" data-x-toggleable=\"e48-e19\"><span class=\"x-acc-header-content\"><span class=\"x-acc-header-indicator\"><i class=\"x-icon\" aria-hidden=\"true\" data-x-icon-s=\"&#xf105;\"><\/i><\/span><span class=\"x-acc-header-text\"><div class=\"aio-icon-default\">\n<div class=\"align-icon\">\n<div class=\"aio-icon none\"><i class=\"dfd-icon-user_like\"><\/i><\/div>\n<\/div>\n<\/div>\n<div class=\"aio-icon-header\">\n<div class=\"feature-title\">\u00bfQu\u00e9 hace un asistente personal por el ni\u00f1o?<\/div>\n<\/div><\/span><\/span><\/button><div id=\"panel-e48-e19\" role=\"region\" aria-hidden=\"true\" aria-labelledby=\"tab-e48-e19\" data-x-toggleable=\"e48-e19\" data-x-toggle-collapse=\"1\" class=\"x-collapsed\"><div class=\"x-acc-content\"><span>La claridad en los distintos papeles en la vida del ni\u00f1o no s\u00f3lo beneficia a \u00e9ste, sino a toda la familia. El papel de un asistente nunca es criar al ni\u00f1o, es vuestro papel como padres. A veces puede resultar dif\u00edcil distinguir entre lo que es y lo que no es el papel del asistente. \u00bfQu\u00e9 pueden hacer por s\u00ed mismos y responsabilizarse otros ni\u00f1os de la misma edad sin discapacidad? El asistente personal proporciona apoyo y compensa lo que el ni\u00f1o no puede hacer debido a su discapacidad. Como padre, tambi\u00e9n le alivia en lo que normalmente no es tarea de los padres. As\u00ed pues, las tareas de los asistentes personales var\u00edan en funci\u00f3n de la situaci\u00f3n y la edad del ni\u00f1o. Un adolescente suele poder hacer m\u00e1s cosas que un ni\u00f1o de 1 a\u00f1o.<\/span><\/div><\/div><\/div><\/div><\/div><div class=\"x-col e48-e20 m1c-r m1c-s\"><div class=\"x-acc e48-e21 m1c-1f\" id=\"x-acc-e48-e21\"><div class=\"e48-e22 x-acc-item\"><button id=\"tab-e48-e22\" class=\"x-acc-header\" role=\"button\" type=\"button\" aria-expanded=\"false\" aria-controls=\"panel-e48-e22\" data-x-toggle=\"collapse\" data-x-toggleable=\"e48-e22\"><span class=\"x-acc-header-content\"><span class=\"x-acc-header-indicator\"><i class=\"x-icon\" aria-hidden=\"true\" data-x-icon-s=\"&#xf105;\"><\/i><\/span><span class=\"x-acc-header-text\">\u00bfTiene antecedentes penales un asistente personal que trabaje con ni\u00f1os?<\/span><\/span><\/button><div id=\"panel-e48-e22\" role=\"region\" aria-hidden=\"true\" aria-labelledby=\"tab-e48-e22\" data-x-toggleable=\"e48-e22\" data-x-toggle-collapse=\"1\" class=\"x-collapsed\"><div class=\"x-acc-content\"><span data-metadata=\"&lt;!--(figmeta)eyJmaWxlS2V5IjoiVldXNEZUTklXNlEzMUZFM1FtVko0SyIsInBhc3RlSUQiOjExMTM2OTA5ODIsImRhdGFUeXBlIjoic2NlbmUifQo=(\/figmeta)--&gt;\" style=\"caret-color: #000000; color: #000000; font-style: normal; font-variant-caps: normal; font-weight: normal; letter-spacing: normal; orphans: auto; text-align: start; text-indent: 0px; text-transform: none; white-space: normal; widows: auto; word-spacing: 0px; -webkit-text-size-adjust: auto; -webkit-text-stroke-width: 0px; text-decoration: none;\"><\/span>Siempre obtenemos extractos del registro de antecedentes penales de todos los asistentes que contratamos. Esto es especialmente importante cuando se trata de asistencia personal a ni\u00f1os, tanto porque necesitamos estar seguros de que el ni\u00f1o est\u00e1 a salvo, como porque la ley establece que todos los asistentes que trabajan con ni\u00f1os deben presentar extractos de registro cada a\u00f1o.<\/div><\/div><\/div><div class=\"e48-e23 x-acc-item\"><button id=\"tab-e48-e23\" class=\"x-acc-header\" role=\"button\" type=\"button\" aria-expanded=\"false\" aria-controls=\"panel-e48-e23\" data-x-toggle=\"collapse\" data-x-toggleable=\"e48-e23\"><span class=\"x-acc-header-content\"><span class=\"x-acc-header-indicator\"><i class=\"x-icon\" aria-hidden=\"true\" data-x-icon-s=\"&#xf105;\"><\/i><\/span><span class=\"x-acc-header-text\"><span>\u00bfQu\u00e9 influencia tiene el ni\u00f1o en su asistencia personal?<\/span><\/span><\/span><\/button><div id=\"panel-e48-e23\" role=\"region\" aria-hidden=\"true\" aria-labelledby=\"tab-e48-e23\" data-x-toggleable=\"e48-e23\" data-x-toggle-collapse=\"1\" class=\"x-collapsed\"><div class=\"x-acc-content\"><span>Una parte importante es que el ni\u00f1o participe en la decisi\u00f3n de cu\u00e1l debe ser su asistencia personal. Se tienen en cuenta la edad y las circunstancias del ni\u00f1o y, con el tiempo, la influencia aumentar\u00e1. Ustedes, como padres, son los que mejor conocen a su hijo y los responsables de velar por sus intereses. Los padres son una parte importante de c\u00f3mo se organiza la asistencia personal y ustedes deciden c\u00f3mo puede influir mejor su hijo.<\/span><\/div><\/div><\/div><\/div><\/div><\/div><\/div><div class=\"x-row x-container max width e48-e24 m1c-b m1c-c m1c-f m1c-g m1c-k m1c-o\"><div class=\"x-row-inner\"><div class=\"x-col e48-e25 m1c-r m1c-s\"><hr class=\"x-line e48-e26 m1c-1g\"\/><\/div><\/div><\/div><\/div><div class=\"x-section e48-e27 m1c-0 m1c-2 m1c-4 m1c-5\" id=\"fragor\"><div class=\"x-row e48-e28 m1c-b m1c-c m1c-f m1c-h m1c-i m1c-m m1c-p\"><div class=\"x-row-inner\"><div class=\"x-col e48-e29 m1c-r m1c-s\"><div class=\"x-text x-text-headline e48-e30 m1c-w m1c-x m1c-y m1c-10 m1c-13 m1c-16\"><div class=\"x-text-content\"><div class=\"x-text-content-text\"><h2 class=\"x-text-content-text-primary\">Para usted si tiene un hijo que necesita un asistente personal<\/h2>\n<\/div><\/div><\/div><div class=\"x-text x-text-headline e48-e31 m1c-w m1c-y m1c-10 m1c-12 m1c-17\"><div class=\"x-text-content\"><div class=\"x-text-content-text\"><h3 class=\"x-text-content-text-primary\">Asistencia personal desde la perspectiva del ni\u00f1o<\/h3>\n<\/div><\/div><\/div><div class=\"x-text x-content e48-e32 m1c-19 m1c-1b\"><p><span style=\"font-weight: 400;\">Cuando se trata de asistencia personalizada para ni\u00f1os, pensamos que<\/span><span style=\"font-weight: 400;\"> que no hace falta decir que su hijo debe tener una vida cotidiana lo mejor posible y no debe ser decisivo si usted como padre es un experto en todo lo relacionado con la asistencia personal o no. En Carelli assistans tenemos experiencia y conocimientos previos <\/span><span style=\"font-weight: 400;\">cuando se trata de conseguir un asistente personal para ni\u00f1os<\/span><span style=\"font-weight: 400;\">. Estamos preparados para crear r\u00e1pidamente un <strong>asistencia segura que se adapta <\/strong><\/span><strong>tanto a usted como a su hijo<\/strong><span style=\"font-weight: 400;\"> sea cual sea la decisi\u00f3n. Esto significa que usted mismo puede decidir cu\u00e1nta responsabilidad de su asistencia quiere traspasarnos.&nbsp;<\/span><\/p>\n<p><span style=\"font-weight: 400;\">Junto con usted, queremos crear un programa de asistencia que se adapte a su familia. Como las necesidades de los ni\u00f1os pueden cambiar r\u00e1pidamente y con el tiempo, queremos hacer un seguimiento estrecho con usted como familia y con los asistentes personales de su hijo para asegurarnos de que su hijo siempre recibe la ayuda adecuada de la forma adecuada.<\/span><\/p><\/div><div class=\"x-text x-content e48-e33 m1c-19 m1c-1b\"><p><span style=\"font-weight: 400;\">La ayuda prestada por un asistente personal debe permitir al ni\u00f1o vivir una vida como la de otros ni\u00f1os sin discapacidad.<\/span><\/p><\/div><div class=\"x-text x-text-headline e48-e34 m1c-w m1c-y m1c-10 m1c-12 m1c-17\"><div class=\"x-text-content\"><div class=\"x-text-content-text\"><h3 class=\"x-text-content-text-primary\">\u00bfEn qu\u00e9 se diferencia la asistencia personalizada a ni\u00f1os de la asistencia a adultos?<\/h3>\n<\/div><\/div><\/div><div class=\"x-text x-content e48-e35 m1c-19 m1c-1b\"><p><span style=\"font-weight: 400;\">Vemos una diferencia en la prestaci\u00f3n de asistencia cuando se trata de un asistente personal para ni\u00f1os en comparaci\u00f3n con los adultos. Esto se debe en parte a los propios derechos del ni\u00f1o y a que usted, como padre, es el experto en el inter\u00e9s superior de su hijo. Trabajamos con la perspectiva del ni\u00f1o en todas las partes de la asistencia, lo que significa que basamos nuestra informaci\u00f3n y la participaci\u00f3n del ni\u00f1o individualmente en su edad y madurez.<\/span><\/p><\/div><div class=\"x-text x-text-headline e48-e36 m1c-w m1c-y m1c-10 m1c-12 m1c-17\"><div class=\"x-text-content\"><div class=\"x-text-content-text\"><h3 class=\"x-text-content-text-primary\">Responsabilidad global de la asistencia personalizada a los ni\u00f1os<\/h3>\n<\/div><\/div><\/div><div class=\"x-text x-content e48-e37 m1c-19 m1c-1b\"><p><span style=\"font-weight: 400;\">En el trabajo entre un asistente personal y un ni\u00f1o, en Carelli Assistans asumimos toda la responsabilidad de garantizar que su hijo tenga una experiencia segura.&nbsp;<\/span><span style=\"font-weight: 400;\">Ayudamos a contratar y gestionar la mano de obra <\/span><span style=\"font-weight: 400;\">todo asistente personal que trabaje con ni\u00f1os<\/span><span style=\"font-weight: 400;\">. Asumimos la responsabilidad de garantizar que reciben una introducci\u00f3n y la formaci\u00f3n adecuada para el trabajo. Nos aseguramos de que se cumplan las leyes y los reglamentos y de que la calidad de los servicios que recibe su hijo sea alta.<\/span><\/p><\/div><div class=\"x-text x-text-headline e48-e38 m1c-w m1c-y m1c-10 m1c-12 m1c-17\"><div class=\"x-text-content\"><div class=\"x-text-content-text\"><h3 class=\"x-text-content-text-primary\">Asistencia flexible y personalizable para los ni\u00f1os<\/h3>\n<\/div><\/div><\/div><div class=\"x-text x-content e48-e39 m1c-19 m1c-1b\"><p><span style=\"font-weight: 400;\">Vivir con un asistente personal en casa, adem\u00e1s de las adaptaciones que ya haces en funci\u00f3n de la discapacidad de tu hijo, es muy especial. La asistencia personal del ni\u00f1o afecta a toda la familia: al ni\u00f1o, a los padres, a los hermanos y a los abuelos.<\/span><\/p><\/div><div class=\"x-text x-text-headline e48-e40 m1c-w m1c-y m1c-10 m1c-13 m1c-16 m1c-18\"><div class=\"x-text-content\"><div class=\"x-text-content-text\"><h2 class=\"x-text-content-text-primary\">\u00bfQu\u00e9 es importante para que funcione la asistencia personalizada a los ni\u00f1os?<\/h2>\n<\/div><\/div><\/div><div class=\"x-text x-content e48-e41 m1c-19 m1c-1b\"><p><span style=\"font-weight: 400;\">Cuando usted contrata a Carelli para obtener un asistente personal para su hijo, puede estar seguro de que nuestra experiencia y conocimiento significa que sabemos lo que es importante <strong>para una asistencia eficaz y segura<\/strong>:<\/span><\/p>\n<ul>\n<li style=\"font-weight: 400;\" aria-level=\"1\"><span style=\"font-weight: 400;\">Flexibilidad<\/span><\/li>\n<li style=\"font-weight: 400;\" aria-level=\"1\"><span style=\"font-weight: 400;\">Planificaci\u00f3n<\/span><\/li>\n<li style=\"font-weight: 400;\" aria-level=\"1\"><span style=\"font-weight: 400;\">Influencia de los padres<\/span><\/li>\n<\/ul>\n<p><span style=\"font-weight: 400;\">Para que la asistencia personal de su hijo funcione<\/span><span style=\"font-weight: 400;\"> lo mejor posible para su familia, sabemos que se requiere flexibilidad tanto por parte del gestor responsable de la asistencia del ni\u00f1o como de los asistentes personales que trabajan para que la vida cotidiana de su hijo sea todo lo agradable y significativa que debe ser. La flexibilidad es necesaria en la planificaci\u00f3n y ejecuci\u00f3n de la asistencia, pero tambi\u00e9n en la posibilidad de <\/span><span style=\"font-weight: 400;\">que todo asistente personal que trabaje con ni\u00f1os pueda adaptarse y <strong>personalizar su trabajo<\/strong> en funci\u00f3n de la situaci\u00f3n actual de su hijo.<\/span><span style=\"font-weight: 400;\"> Somos flexibles y dejamos que usted decida lo que considere mejor. Tiene derecho a influir en el conjunto de la asistencia personal de su hijo y en la elecci\u00f3n de los asistentes personales que desea que trabajen con \u00e9l.<\/span><\/p><\/div><div class=\"x-text x-text-headline e48-e42 m1c-w m1c-y m1c-10 m1c-12 m1c-17\"><div class=\"x-text-content\"><div class=\"x-text-content-text\"><h3 class=\"x-text-content-text-primary\">C\u00f3mo trabajamos con la asistencia personalizada para ni\u00f1os<\/h3>\n<\/div><\/div><\/div><div class=\"x-text x-content e48-e43 m1c-19 m1c-1b\"><p><span style=\"font-weight: 400;\">Tenemos oficinas en toda Suecia, por lo que podemos ofrecer <\/span><span style=\"font-weight: 400;\">asistencia personal para ni\u00f1os y adultos <\/span><span style=\"font-weight: 400;\">no importa d\u00f3nde vivas en Suecia.  En muchos lugares tenemos asistentes personales que llevan mucho tiempo trabajando en la asistencia y que est\u00e1n disponibles para nuevos encargos. Adem\u00e1s de nuestra larga experiencia y buena calidad en nuestra asistencia, uno de nuestros orgullos es nuestra <strong>disponibilidad<\/strong>Esto significa que siempre estamos a su disposici\u00f3n y a la de su hijo, las 24 horas del d\u00eda, todo el a\u00f1o.&nbsp;<\/span><\/p>\n<p><span style=\"font-weight: 400;\">Junto con usted, y en funci\u00f3n de las necesidades de su hijo, el gestor responsable trabajar\u00e1 con el asistente personal de su hijo para garantizar que reciba la asistencia segura a la que tiene derecho.<\/span><\/p><\/div><\/div><\/div><\/div><\/div><\/div>","protected":false},"excerpt":{"rendered":"<p>Asistente personal para ni\u00f1os Tener un asistente personal de ni\u00f1o es diferente a tenerlo de... <\/p>\n<div><a href=\"https:\/\/carelli.se\/es\/personligassistans\/personlig-assistans-for-barn\/\" class=\"more-link\">Seguir leyendo<\/a><\/div>","protected":false},"author":1,"featured_media":0,"parent":39,"menu_order":0,"comment_status":"closed","ping_status":"closed","template":"template-blank-4.php","meta":{"footnotes":""},"class_list":["post-48","page","type-page","status-publish","hentry","no-post-thumbnail"],"_links":{"self":[{"href":"https:\/\/carelli.se\/es\/wp-json\/wp\/v2\/pages\/48","targetHints":{"allow":["GET"]}}],"collection":[{"href":"https:\/\/carelli.se\/es\/wp-json\/wp\/v2\/pages"}],"about":[{"href":"https:\/\/carelli.se\/es\/wp-json\/wp\/v2\/types\/page"}],"author":[{"embeddable":true,"href":"https:\/\/carelli.se\/es\/wp-json\/wp\/v2\/users\/1"}],"replies":[{"embeddable":true,"href":"https:\/\/carelli.se\/es\/wp-json\/wp\/v2\/comments?post=48"}],"version-history":[{"count":38,"href":"https:\/\/carelli.se\/es\/wp-json\/wp\/v2\/pages\/48\/revisions"}],"predecessor-version":[{"id":3019,"href":"https:\/\/carelli.se\/es\/wp-json\/wp\/v2\/pages\/48\/revisions\/3019"}],"up":[{"embeddable":true,"href":"https:\/\/carelli.se\/es\/wp-json\/wp\/v2\/pages\/39"}],"wp:attachment":[{"href":"https:\/\/carelli.se\/es\/wp-json\/wp\/v2\/media?parent=48"}],"curies":[{"name":"wp","href":"https:\/\/api.w.org\/{rel}","templated":true}]}}