{"id":2515,"date":"2023-05-15T11:25:17","date_gmt":"2023-05-15T11:25:17","guid":{"rendered":"https:\/\/carelli.se\/?page_id=2515"},"modified":"2026-04-17T18:34:52","modified_gmt":"2026-04-17T18:34:52","slug":"vad-innebar-personlig-assistans","status":"publish","type":"page","link":"https:\/\/carelli.se\/fi\/vad-innebar-personlig-assistans\/","title":{"rendered":"Mit\u00e4 on henkil\u00f6kohtainen apu?"},"content":{"rendered":"<div id=\"cs-content\" class=\"cs-content\"><\/div>","protected":false},"excerpt":{"rendered":"<p>Mit\u00e4 on henkil\u00f6kohtainen apu? Tietoa henkil\u00f6kohtaisesta avustaHenkil\u00f6kohtainen apu on palvelu, joka tarjoaa tukea vaikeavammaisille henkil\u00f6ille, jotta he voivat ... <\/p>\n<div><a href=\"https:\/\/carelli.se\/fi\/vad-innebar-personlig-assistans\/\" class=\"more-link\">Lue lis\u00e4\u00e4<\/a><\/div>","protected":false},"author":2,"featured_media":0,"parent":0,"menu_order":0,"comment_status":"closed","ping_status":"closed","template":"template-blank-4.php","meta":{"footnotes":""},"class_list":["post-2515","page","type-page","status-publish","hentry","no-post-thumbnail"],"_links":{"self":[{"href":"https:\/\/carelli.se\/fi\/wp-json\/wp\/v2\/pages\/2515","targetHints":{"allow":["GET"]}}],"collection":[{"href":"https:\/\/carelli.se\/fi\/wp-json\/wp\/v2\/pages"}],"about":[{"href":"https:\/\/carelli.se\/fi\/wp-json\/wp\/v2\/types\/page"}],"author":[{"embeddable":true,"href":"https:\/\/carelli.se\/fi\/wp-json\/wp\/v2\/users\/2"}],"replies":[{"embeddable":true,"href":"https:\/\/carelli.se\/fi\/wp-json\/wp\/v2\/comments?post=2515"}],"version-history":[{"count":28,"href":"https:\/\/carelli.se\/fi\/wp-json\/wp\/v2\/pages\/2515\/revisions"}],"predecessor-version":[{"id":2549,"href":"https:\/\/carelli.se\/fi\/wp-json\/wp\/v2\/pages\/2515\/revisions\/2549"}],"wp:attachment":[{"href":"https:\/\/carelli.se\/fi\/wp-json\/wp\/v2\/media?parent=2515"}],"curies":[{"name":"wp","href":"https:\/\/api.w.org\/{rel}","templated":true}]}}