{"id":345,"date":"2017-06-16T06:49:53","date_gmt":"2017-06-16T06:49:53","guid":{"rendered":"https:\/\/carelli.se\/?page_id=345"},"modified":"2023-11-16T11:45:49","modified_gmt":"2023-11-16T11:45:49","slug":"utbildningar-personlig-assistent","status":"publish","type":"page","link":"https:\/\/carelli.se\/fi\/personlig-assistent\/utbildningar-personlig-assistent\/","title":{"rendered":"Koulutusohjelmat"},"content":{"rendered":"<div id=\"cs-content\" class=\"cs-content\"><div class=\"x-section e345-e1 m9l-0 m9l-1\" id=\"start\"><div class=\"x-row x-container max width e345-e2 m9l-6 m9l-7 m9l-8 m9l-9 m9l-a m9l-b m9l-g m9l-h\"><div class=\"x-row-inner\"><div class=\"x-col e345-e3 m9l-r m9l-s m9l-t m9l-u m9l-v m9l-w m9l-x m9l-y m9l-z\"><div class=\"x-bg\" aria-hidden=\"true\"><div class=\"x-bg-layer-lower-image\"><\/div><\/div><div class=\"x-text x-text-headline e345-e4 m9l-19 m9l-1a m9l-1b m9l-1c m9l-1d m9l-3 m9l-4 x-effect-exit\" data-x-effect=\"{&quot;scroll&quot;:true,&quot;offsetTop&quot;:&quot;10%&quot;,&quot;offsetBottom&quot;:&quot;10%&quot;,&quot;behaviorScroll&quot;:&quot;fire-once&quot;}\"><div class=\"x-text-content\"><div class=\"x-text-content-text\"><h1 class=\"x-text-content-text-primary\">Koulutusohjelmat<br>\nhenkil\u00f6kohtainen avustaja<\/h1>\n<\/div><\/div><\/div><div class=\"x-text x-text-headline e345-e5 m9l-19 m9l-1e m9l-4 m9l-5 x-effect-exit\" data-x-effect=\"{&quot;scroll&quot;:true,&quot;offsetTop&quot;:&quot;10%&quot;,&quot;offsetBottom&quot;:&quot;10%&quot;,&quot;behaviorScroll&quot;:&quot;fire-once&quot;}\"><div class=\"x-text-content\"><div class=\"x-text-content-text\"><h4 class=\"x-text-content-text-primary\">Henkil\u00f6kohtaisen avustajan roolissa tieto ja turvallisuus ovat perusta, jonka avulla sek\u00e4 sin\u00e4 avustajana ett\u00e4 asiakas voivat menesty\u00e4.<\/h4>\n<\/div><\/div><\/div><div class=\"x-text x-content e345-e6 m9l-1i m9l-1j m9l-4 m9l-5 x-effect-exit\" data-x-effect=\"{&quot;scroll&quot;:true,&quot;offsetTop&quot;:&quot;10%&quot;,&quot;offsetBottom&quot;:&quot;10%&quot;,&quot;behaviorScroll&quot;:&quot;fire-once&quot;}\"><p>Henkil\u00f6kohtaisena avustajana olet se, joka tekee suuren ty\u00f6n joka p\u00e4iv\u00e4 asiakkaan kotona. T\u00e4rke\u00e4 edellytys hyv\u00e4lle tulokselle ja ty\u00f6lle, josta nautit, on tiet\u00e4mys ja turvallisuus. Meill\u00e4 saat paljon koulutusta, joka vahvistaa sinua henkil\u00f6kohtaisen avustajan teht\u00e4v\u00e4ss\u00e4si.<\/p>\n<p>Saamasi koulutuksen m\u00e4\u00e4r\u00e4 riippuu paljon asiakkaasi tilanteesta. Meill\u00e4 on sis\u00e4isi\u00e4 verkkokoulutuksia, joihin kaikki henkil\u00f6kohtaiset avustajat osallistuvat, mutta my\u00f6s erityiskoulutuksia, jotka vaihtelevat kunkin asiakkaan tarpeiden mukaan.<\/p><\/div><\/div><div class=\"x-col e345-e7 m9l-u m9l-w m9l-y m9l-z m9l-10 m9l-11\"><div class=\"x-bg\" aria-hidden=\"true\"><div class=\"x-bg-layer-lower-image\"><\/div><\/div><div class=\"x-div x-hide-md x-hide-sm x-hide-xs e345-e8 m9l-1l m9l-1m\"><\/div><\/div><\/div><\/div><\/div><div class=\"x-section e345-e9 m9l-0 m9l-2\"><div class=\"x-row x-container max width e345-e10 m9l-6 m9l-7 m9l-8 m9l-9 m9l-c m9l-i\"><div class=\"x-row-inner\"><div class=\"x-col e345-e11 m9l-u m9l-w m9l-x m9l-y\"><div class=\"x-text x-text-headline e345-e12 m9l-19 m9l-1a m9l-1c m9l-1f m9l-1g m9l-3 m9l-4 x-effect-exit\" data-x-effect=\"{&quot;scroll&quot;:true,&quot;offsetTop&quot;:&quot;10%&quot;,&quot;offsetBottom&quot;:&quot;10%&quot;,&quot;behaviorScroll&quot;:&quot;fire-once&quot;}\"><div class=\"x-text-content\"><div class=\"x-text-content-text\"><h2 class=\"x-text-content-text-primary\">Koulutusohjelmamme<\/h2>\n<\/div><\/div><\/div><\/div><\/div><\/div><div class=\"x-row x-container max width e345-e13 m9l-6 m9l-7 m9l-8 m9l-b m9l-d m9l-g m9l-j\"><div class=\"x-row-inner\"><div class=\"x-col e345-e14 m9l-w m9l-y m9l-11 m9l-12 m9l-13 m9l-14 m9l-15 m9l-3 m9l-4 x-effect-exit\" data-x-effect=\"{&quot;scroll&quot;:true,&quot;offsetTop&quot;:&quot;10%&quot;,&quot;offsetBottom&quot;:&quot;10%&quot;,&quot;behaviorScroll&quot;:&quot;fire-once&quot;}\"><div class=\"x-row e345-e15 m9l-6 m9l-7 m9l-9 m9l-e m9l-k m9l-l\"><div class=\"x-row-inner\"><div class=\"x-col e345-e16 m9l-r m9l-s m9l-u m9l-w m9l-11 m9l-14 m9l-16 m9l-17 m9l-3 m9l-4 x-effect-exit\" data-x-effect=\"{&quot;scroll&quot;:true,&quot;offsetTop&quot;:&quot;10%&quot;,&quot;offsetBottom&quot;:&quot;10%&quot;,&quot;behaviorScroll&quot;:&quot;fire-once&quot;}\"><i class=\"x-icon e345-e17 m9l-1q\" aria-hidden=\"true\" data-x-icon-l=\"&#xf5da;\"><\/i><div class=\"x-text x-text-headline e345-e18 m9l-19 m9l-1a m9l-1d m9l-1f m9l-1h\"><div class=\"x-text-content\"><div class=\"x-text-content-text\"><h3 class=\"x-text-content-text-primary\">Peruskoulutus, henkil\u00f6kohtainen apu<\/h3>\n<\/div><\/div><\/div><div class=\"x-text x-content e345-e19 m9l-1i m9l-1k\"><span data-metadata=\"&lt;!--(figmeta)eyJmaWxlS2V5IjoiVldXNEZUTklXNlEzMUZFM1FtVko0SyIsInBhc3RlSUQiOjEzNDA4MDc5MjQsImRhdGFUeXBlIjoic2NlbmUifQo=(\/figmeta)--&gt;\" style=\"caret-color: #000000; color: #000000; font-style: normal; font-variant-caps: normal; font-weight: normal; letter-spacing: normal; orphans: auto; text-align: start; text-indent: 0px; text-transform: none; white-space: normal; widows: auto; word-spacing: 0px; -webkit-text-size-adjust: auto; -webkit-text-stroke-width: 0px; text-decoration: none;\"><\/span><span>Kurssi on pakollinen kaikille Carelli assistansin uusille ty\u00f6ntekij\u00f6ille. Kurssin tavoitteena on antaa perustiedot henkil\u00f6kohtaisen avustajan roolista, lains\u00e4\u00e4d\u00e4nn\u00f6st\u00e4, ty\u00f6ymp\u00e4rist\u00f6st\u00e4 ja Carelli assistansissa k\u00e4yt\u00f6ss\u00e4 olevista menettelytavoista. Koulutus perustuu Terveyden ja hyvinvoinnin laitoksen ohjeisiin siit\u00e4, millaisia taitoja henkil\u00f6kohtaisen avun parissa ty\u00f6skentelev\u00e4ll\u00e4 henkil\u00f6ll\u00e4 tulee olla.<\/span><\/div><\/div><\/div><\/div><div class=\"x-row e345-e20 m9l-6 m9l-9 m9l-e m9l-f m9l-k m9l-m\"><div class=\"x-row-inner\"><div class=\"x-col e345-e21 m9l-r m9l-s m9l-u m9l-w m9l-x m9l-14 m9l-15 m9l-16 m9l-3 m9l-4 x-effect-exit\" data-x-effect=\"{&quot;scroll&quot;:true,&quot;offsetTop&quot;:&quot;10%&quot;,&quot;offsetBottom&quot;:&quot;10%&quot;,&quot;behaviorScroll&quot;:&quot;fire-once&quot;}\"><i class=\"x-icon e345-e22 m9l-1q\" aria-hidden=\"true\" data-x-icon-l=\"&#xf7e7;\"><\/i><div class=\"x-text x-text-headline e345-e23 m9l-19 m9l-1a m9l-1d m9l-1f m9l-1h\"><div class=\"x-text-content\"><div class=\"x-text-content-text\"><h3 class=\"x-text-content-text-primary\">Henkil\u00f6kohtaisten avustajien syvent\u00e4v\u00e4 koulutus<\/h3>\n<\/div><\/div><\/div><div class=\"x-text x-content e345-e24 m9l-1i m9l-1k\"><span data-metadata=\"&lt;!--(figmeta)eyJmaWxlS2V5IjoiVldXNEZUTklXNlEzMUZFM1FtVko0SyIsInBhc3RlSUQiOjEzNDA4MDc5MjQsImRhdGFUeXBlIjoic2NlbmUifQo=(\/figmeta)--&gt;\" style=\"caret-color: #000000; color: #000000; font-style: normal; font-variant-caps: normal; font-weight: normal; letter-spacing: normal; orphans: auto; text-align: start; text-indent: 0px; text-transform: none; white-space: normal; widows: auto; word-spacing: 0px; -webkit-text-size-adjust: auto; -webkit-text-stroke-width: 0px; text-decoration: none;\"><\/span><span>Kurssi on pakollinen kaikille Carelli assistansin palveluksessa oleville henkil\u00f6kohtaisille avustajille. Kurssin tavoitteena on antaa syvempi ymm\u00e4rrys lains\u00e4\u00e4d\u00e4nn\u00f6st\u00e4, arvioinneista ja p\u00e4\u00e4t\u00f6ksist\u00e4 sek\u00e4 sosiaalisista asiakirjoista.  Henkil\u00f6kohtaiset avustajat<\/span><span> avustaja saa lis\u00e4\u00e4 tietoa IBIC:st\u00e4 (yksil\u00f6n tarpeet keskuksessa) ja ihmissuhdetaidoista.\u00a0<\/span><\/div><\/div><\/div><\/div><div class=\"x-row e345-e25 m9l-6 m9l-9 m9l-e m9l-f m9l-k m9l-n\"><div class=\"x-row-inner\"><div class=\"x-col e345-e26 m9l-r m9l-s m9l-u m9l-w m9l-x m9l-14 m9l-15 m9l-16 m9l-3 m9l-4 x-effect-exit\" data-x-effect=\"{&quot;scroll&quot;:true,&quot;offsetTop&quot;:&quot;10%&quot;,&quot;offsetBottom&quot;:&quot;10%&quot;,&quot;behaviorScroll&quot;:&quot;fire-once&quot;}\"><i class=\"x-icon e345-e27 m9l-1q\" aria-hidden=\"true\" data-x-icon-l=\"&#xf5db;\"><\/i><div class=\"x-text x-text-headline e345-e28 m9l-19 m9l-1a m9l-1d m9l-1f m9l-1h\"><div class=\"x-text-content\"><div class=\"x-text-content-text\"><h3 class=\"x-text-content-text-primary\">\t\nTy\u00f6njohtokoulutus<\/h3>\n<\/div><\/div><\/div><div class=\"x-text x-content e345-e29 m9l-1i m9l-1k\"><span data-metadata=\"&lt;!--(figmeta)eyJmaWxlS2V5IjoiVldXNEZUTklXNlEzMUZFM1FtVko0SyIsInBhc3RlSUQiOjEzNDA4MDc5MjQsImRhdGFUeXBlIjoic2NlbmUifQo=(\/figmeta)--&gt;\" style=\"caret-color: #000000; color: #000000; font-style: normal; font-variant-caps: normal; font-weight: normal; letter-spacing: normal; orphans: auto; text-align: start; text-indent: 0px; text-transform: none; white-space: normal; widows: auto; word-spacing: 0px; -webkit-text-size-adjust: auto; -webkit-text-stroke-width: 0px; text-decoration: none;\"><\/span><span>Kurssi on pakollinen kaikille Carelli assistansin palveluksessa oleville esimiehille. Kurssin tavoitteena on antaa esimiehelle tietoa avustajaryhm\u00e4n johtamisesta, saada hyv\u00e4t tiedot Carelli assistansin rutiineista ja hallinnosta, ty\u00f6lains\u00e4\u00e4d\u00e4nn\u00f6st\u00e4 ja ty\u00f6ymp\u00e4rist\u00f6st\u00e4.<\/span><\/div><div class=\"x-div x-hide-md x-hide-sm x-hide-xs e345-e30 m9l-1l m9l-1n m9l-1o\"><\/div><\/div><\/div><\/div><\/div><div class=\"x-col e345-e31 m9l-r m9l-t m9l-u m9l-w m9l-x m9l-y m9l-13 m9l-18\"><div class=\"x-row e345-e32 m9l-6 m9l-9 m9l-e m9l-f m9l-k m9l-o\"><div class=\"x-row-inner\"><div class=\"x-col e345-e33 m9l-r m9l-s m9l-u m9l-w m9l-x m9l-14 m9l-15 m9l-16 m9l-3 m9l-4 x-effect-exit\" data-x-effect=\"{&quot;scroll&quot;:true,&quot;offsetTop&quot;:&quot;10%&quot;,&quot;offsetBottom&quot;:&quot;10%&quot;,&quot;behaviorScroll&quot;:&quot;fire-once&quot;}\"><i class=\"x-icon e345-e34 m9l-1q\" aria-hidden=\"true\" data-x-icon-l=\"&#xf479;\"><\/i><div class=\"x-text x-text-headline e345-e35 m9l-19 m9l-1a m9l-1d m9l-1f m9l-1h\"><div class=\"x-text-content\"><div class=\"x-text-content-text\"><h3 class=\"x-text-content-text-primary\">\t\nEnsiapu<\/h3>\n<\/div><\/div><\/div><div class=\"x-text x-content e345-e36 m9l-1i m9l-1k\"><span data-metadata=\"&lt;!--(figmeta)eyJmaWxlS2V5IjoiVldXNEZUTklXNlEzMUZFM1FtVko0SyIsInBhc3RlSUQiOjEzNDA4MDc5MjQsImRhdGFUeXBlIjoic2NlbmUifQo=(\/figmeta)--&gt;\" style=\"caret-color: #000000; color: #000000; font-style: normal; font-variant-caps: normal; font-weight: normal; letter-spacing: normal; orphans: auto; text-align: start; text-indent: 0px; text-transform: none; white-space: normal; widows: auto; word-spacing: 0px; -webkit-text-size-adjust: auto; -webkit-text-stroke-width: 0px; text-decoration: none;\"><\/span><span>Kaikilla Carelli Assistansin ty\u00f6ntekij\u00f6ill\u00e4 on oltava voimassa oleva ensiapukoulutus. Koulutusohjelma on voimassa kaksi vuotta. Jos sinulla on jo voimassa oleva p\u00e4tevyys joltakin muulta ty\u00f6nantajalta, sinun ei tarvitse osallistua t\u00e4lle kurssille.<\/span><\/div><\/div><\/div><\/div><div class=\"x-row e345-e37 m9l-6 m9l-9 m9l-e m9l-f m9l-k m9l-p\"><div class=\"x-row-inner\"><div class=\"x-col e345-e38 m9l-r m9l-s m9l-u m9l-w m9l-x m9l-14 m9l-15 m9l-16 m9l-3 m9l-4 x-effect-exit\" data-x-effect=\"{&quot;scroll&quot;:true,&quot;offsetTop&quot;:&quot;10%&quot;,&quot;offsetBottom&quot;:&quot;10%&quot;,&quot;behaviorScroll&quot;:&quot;fire-once&quot;}\"><i class=\"x-icon e345-e39 m9l-1q\" aria-hidden=\"true\" data-x-icon-l=\"&#xf134;\"><\/i><div class=\"x-text x-text-headline e345-e40 m9l-19 m9l-1a m9l-1d m9l-1f m9l-1h\"><div class=\"x-text-content\"><div class=\"x-text-content-text\"><h3 class=\"x-text-content-text-primary\">Palokoulutus<\/h3>\n<\/div><\/div><\/div><div class=\"x-text x-content e345-e41 m9l-1i m9l-1k\"><span data-metadata=\"&lt;!--(figmeta)eyJmaWxlS2V5IjoiVldXNEZUTklXNlEzMUZFM1FtVko0SyIsInBhc3RlSUQiOjEzNDA4MDc5MjQsImRhdGFUeXBlIjoic2NlbmUifQo=(\/figmeta)--&gt;\" style=\"caret-color: #000000; color: #000000; font-style: normal; font-variant-caps: normal; font-weight: normal; letter-spacing: normal; orphans: auto; text-align: start; text-indent: 0px; text-transform: none; white-space: normal; widows: auto; word-spacing: 0px; -webkit-text-size-adjust: auto; -webkit-text-stroke-width: 0px; text-decoration: none;\"><\/span><span>Palokoulutus on pakollinen kaikille ty\u00f6ntekij\u00f6ille. Opit paloturvallisuudesta, miten tulipalo sammutetaan sammuttimella ja miten asiakas evakuoidaan tulipalon sattuessa.<\/span><\/div><\/div><\/div><\/div><div class=\"x-row e345-e42 m9l-6 m9l-9 m9l-e m9l-f m9l-k m9l-q\"><div class=\"x-row-inner\"><div class=\"x-col e345-e43 m9l-r m9l-s m9l-u m9l-w m9l-x m9l-14 m9l-15 m9l-16 m9l-3 m9l-4 x-effect-exit\" data-x-effect=\"{&quot;scroll&quot;:true,&quot;offsetTop&quot;:&quot;10%&quot;,&quot;offsetBottom&quot;:&quot;10%&quot;,&quot;behaviorScroll&quot;:&quot;fire-once&quot;}\"><i class=\"x-icon e345-e44 m9l-1q\" aria-hidden=\"true\" data-x-icon-l=\"&#xe068;\"><\/i><div class=\"x-text x-text-headline e345-e45 m9l-19 m9l-1a m9l-1d m9l-1f m9l-1h\"><div class=\"x-text-content\"><div class=\"x-text-content-text\"><h3 class=\"x-text-content-text-primary\">\t\nR\u00e4\u00e4t\u00e4l\u00f6ity koulutus<\/h3>\n<\/div><\/div><\/div><div class=\"x-text x-content e345-e46 m9l-1i m9l-1k\"><div id=\"change_wrap_div\"><section id=\"layout\" class=\"no-title\">\n<div class=\"vc-row-wrapper wpb_row full_width_content mobile-destroy-equal-heights aligh-content-verticaly\" data-parallax_sense=\"30\" data-dfd-dots-title=\"\">\n<div class=\"row\">\n<div class=\"twelve columns vc_custom_1489143542891\" data-parallax_sense=\"30\">\n<div class=\"wpb_wrapper\">\n<div id=\"info-box-5fabc5678ce0d\" class=\"aio-icon-component style_1\">\n<div class=\"aio-icon-box default-icon\">\n<div class=\"aio-icon-description\">\n<p>Jotta henkil\u00f6kohtaiset avustajat saisivat oikeat tiedot ja turvallisuuden tunteen ty\u00f6ss\u00e4\u00e4n, tarjoamme koulutusohjelmia, jotka vastaavat kunkin asiakkaan tarpeita, esimerkiksi laajentamaan tiet\u00e4myst\u00e4si asiakkaan vammaisuudesta.<\/p>\n\n<\/div>\n<\/div>\n<\/div>\n<\/div>\n<\/div>\n<\/div>\n<\/div>\n<\/section><\/div>\n<div id=\"footer-wrap\"><section id=\"footer\" class=\"footer-style-3 dfd-background-dark\">\n<div class=\"vc-row-wrapper wpb_row full_width_content_paddings mobile-destroy-equal-heights aligh-content-verticaly\" data-parallax_sense=\"30\" data-dfd-dots-title=\"\">\n<div class=\"row\">\n<div class=\"four columns\" data-parallax_sense=\"30\">\n<div class=\"wpb_wrapper\"><\/div>\n<\/div>\n<\/div>\n<\/div>\n<\/section><\/div><\/div><div class=\"x-div x-hide-md x-hide-sm x-hide-xs e345-e47 m9l-1l m9l-1o m9l-1p\"><\/div><\/div><\/div><\/div><\/div><\/div><\/div><\/div><\/div>","protected":false},"excerpt":{"rendered":"<p>Henkil\u00f6kohtaisen avustajan koulutusohjelmat Henkil\u00f6kohtaisen avustajan roolissa tieto ja turvallisuus ovat perusta sek\u00e4 sinulle avustajana ... <\/p>\n<div><a href=\"https:\/\/carelli.se\/fi\/personlig-assistent\/utbildningar-personlig-assistent\/\" class=\"more-link\">Lue lis\u00e4\u00e4<\/a><\/div>","protected":false},"author":1,"featured_media":0,"parent":73,"menu_order":0,"comment_status":"closed","ping_status":"closed","template":"template-blank-4.php","meta":{"footnotes":""},"class_list":["post-345","page","type-page","status-publish","hentry","no-post-thumbnail"],"_links":{"self":[{"href":"https:\/\/carelli.se\/fi\/wp-json\/wp\/v2\/pages\/345","targetHints":{"allow":["GET"]}}],"collection":[{"href":"https:\/\/carelli.se\/fi\/wp-json\/wp\/v2\/pages"}],"about":[{"href":"https:\/\/carelli.se\/fi\/wp-json\/wp\/v2\/types\/page"}],"author":[{"embeddable":true,"href":"https:\/\/carelli.se\/fi\/wp-json\/wp\/v2\/users\/1"}],"replies":[{"embeddable":true,"href":"https:\/\/carelli.se\/fi\/wp-json\/wp\/v2\/comments?post=345"}],"version-history":[{"count":50,"href":"https:\/\/carelli.se\/fi\/wp-json\/wp\/v2\/pages\/345\/revisions"}],"predecessor-version":[{"id":2783,"href":"https:\/\/carelli.se\/fi\/wp-json\/wp\/v2\/pages\/345\/revisions\/2783"}],"up":[{"embeddable":true,"href":"https:\/\/carelli.se\/fi\/wp-json\/wp\/v2\/pages\/73"}],"wp:attachment":[{"href":"https:\/\/carelli.se\/fi\/wp-json\/wp\/v2\/media?parent=345"}],"curies":[{"name":"wp","href":"https:\/\/api.w.org\/{rel}","templated":true}]}}